{"id":17,"date":"2020-01-24T12:39:59","date_gmt":"2020-01-24T12:39:59","guid":{"rendered":"http:\/\/www.copyshop-wuppertal.de\/?page_id=17"},"modified":"2025-08-31T14:32:15","modified_gmt":"2025-08-31T14:32:15","slug":"leistungen","status":"publish","type":"page","link":"https:\/\/copyshop-wuppertal.de\/index.php\/leistungen\/","title":{"rendered":"Leistungen"},"content":{"rendered":"\r\n<h3 class=\"wp-block-heading\">Abschlussarbeiten<\/h3>\r\n\r\n\r\n\r\n<p>Wir haben uns das Ziel gesetzt, Ihre Abschlussarbeiten schnellstm\u00f6glich und in bester Qualit\u00e4t zu Produzieren.<\/p>\r\n\r\n\r\n\r\n<p>Unser Team hat f\u00fcr Sie eine gro\u00dfe Auswahl an Bindungen zusammengestellt. Lassen Sie sich von unseren exklusiven Bindungen begeistern!<\/p>\r\n\r\n\r\n\r\n<h5 class=\"wp-block-heading\">Uniprint verleiht Ihren Arbeiten die wertsteigernde Optik.<\/h5>\r\n\r\n\r\n\r\n<h3 class=\"wp-block-heading\">Titelseitenpr\u00e4gung<\/h3>\r\n\r\n\r\n\r\n<h4 class=\"wp-block-heading\">Gold- und Silberpr\u00e4gung<br \/>exklusiv, edel, individuell<\/h4>\r\n\r\n\r\n\r\n<p>Ab sofort k\u00f6nnen Sie die Titelseiten und Buchr\u00fccken Ihrer Bindungen mit eleganter goldener und silberner Schrift oder Grafik versehen lassen.<\/p>\r\n\r\n\r\n\r\n<figure class=\"wp-block-table\"><\/figure>\r\n\r\n\r\n\r\n<table style=\"border-collapse: collapse; width: 28.7273%;\">\r\n<tbody>\r\n<tr>\r\n<td style=\"width: 18.2424%; text-align: center;\"><strong>Pr\u00e4gung<\/strong><\/td>\r\n<td style=\"width: 10.4849%; text-align: center;\"><strong>Preis<\/strong><\/td>\r\n<\/tr>\r\n<tr>\r\n<td style=\"width: 18.2424%; text-align: center;\"><strong>Gold oder Silber <\/strong><\/td>\r\n<td style=\"width: 10.4849%; text-align: center;\"><strong>10,00 \u20ac<\/strong><\/td>\r\n<\/tr>\r\n<tr>\r\n<td style=\"width: 18.2424%; text-align: center;\"><strong>Gold und Silber<\/strong><\/td>\r\n<td style=\"width: 10.4849%; text-align: center;\"><strong>15,00 \u20ac<\/strong><\/td>\r\n<\/tr>\r\n<tr>\r\n<td style=\"width: 18.2424%; text-align: center;\"><strong>Gold oder Silber<br \/>(vollseitig)<\/strong><\/td>\r\n<td style=\"width: 10.4849%; text-align: center;\"><strong>15,00 \u20ac<\/strong><\/td>\r\n<\/tr>\r\n<tr>\r\n<td style=\"width: 18.2424%; text-align: center;\"><strong>Buchr\u00fccken<\/strong><\/td>\r\n<td style=\"width: 10.4849%; text-align: center;\"><strong>12,00 \u20ac<\/strong><\/td>\r\n<\/tr>\r\n<\/tbody>\r\n<\/table>\r\n<h3 class=\"wp-block-heading\">Datentr\u00e4ger<\/h3>\r\n\r\n\r\n\r\n<h4 class=\"wp-block-heading\">CD\/DVD zu Ihrer Abschlussarbeit<br \/>oder einfach als Archiv<\/h4>\r\n\r\n\r\n\r\n<figure class=\"wp-block-table\"><\/figure>\r\n\r\n\r\n\r\n<table style=\"border-collapse: collapse; width: 40.2423%; height: 216px;\">\r\n<tbody>\r\n<tr style=\"height: 24px;\">\r\n<td style=\"width: 29.4144%; height: 24px; text-align: center;\"><strong>Datentr\u00e4ger\u00a0\u00a0\u00a0\u00a0 <\/strong><\/td>\r\n<td style=\"width: 14.3928%; height: 24px; text-align: center;\"><strong>Preis<\/strong><\/td>\r\n<\/tr>\r\n<tr style=\"height: 24px;\">\r\n<td style=\"width: 29.4144%; height: 24px; text-align: center;\"><strong>CD brennen<\/strong><\/td>\r\n<td style=\"width: 14.3928%; height: 24px; text-align: center;\"><strong>2,50 \u20ac<\/strong><\/td>\r\n<\/tr>\r\n<tr style=\"height: 24px;\">\r\n<td style=\"width: 29.4144%; height: 24px; text-align: center;\"><strong>DVD brennen<\/strong><\/td>\r\n<td style=\"width: 14.3928%; height: 24px; text-align: center;\"><strong>4,00 \u20ac<\/strong><\/td>\r\n<\/tr>\r\n<tr style=\"height: 24px;\">\r\n<td style=\"width: 29.4144%; height: 24px; text-align: center;\"><strong>Bedruckbare Rohlinge<\/strong><\/td>\r\n<td style=\"width: 14.3928%; height: 24px; text-align: center;\"><strong>1,00 \u20ac<\/strong><\/td>\r\n<\/tr>\r\n<tr style=\"height: 24px;\">\r\n<td style=\"width: 29.4144%; height: 24px; text-align: center;\"><strong>Aufdruck<\/strong><\/td>\r\n<td style=\"width: 14.3928%; height: 24px; text-align: center;\"><strong>3,00 \u20ac<\/strong><\/td>\r\n<\/tr>\r\n<tr style=\"height: 24px;\">\r\n<td style=\"width: 29.4144%; height: 24px; text-align: center;\"><strong>Papierh\u00fclle<\/strong><\/td>\r\n<td style=\"width: 14.3928%; height: 24px; text-align: center;\"><strong>0,20 \u20ac<\/strong><\/td>\r\n<\/tr>\r\n<tr style=\"height: 24px;\">\r\n<td style=\"width: 29.4144%; height: 24px; text-align: center;\"><strong>Plantasche<\/strong><\/td>\r\n<td style=\"width: 14.3928%; height: 24px; text-align: center;\"><strong>1,50 \u20ac<\/strong><\/td>\r\n<\/tr>\r\n<tr style=\"height: 24px;\">\r\n<td style=\"width: 29.4144%; height: 24px; text-align: center;\"><strong>Klebetasche<\/strong><\/td>\r\n<td style=\"width: 14.3928%; height: 24px; text-align: center;\"><strong>1,50 \u20ac<\/strong><\/td>\r\n<\/tr>\r\n<tr style=\"height: 24px;\">\r\n<td style=\"width: 29.4144%; height: 24px; text-align: center;\"><strong>Jewel Case<\/strong><\/td>\r\n<td style=\"width: 14.3928%; height: 24px; text-align: center;\"><strong>2,50 \u20ac<\/strong><\/td>\r\n<\/tr>\r\n<\/tbody>\r\n<\/table>\r\n<h3 class=\"wp-block-heading\">Druck | Kopie | Bindungen<\/h3>\r\n\r\n\r\n\r\n<ul class=\"wp-block-list\">\r\n<li>Visitenkarten, Flyer, Brosch\u00fcren, &#8230;<\/li>\r\n<li>S\/W- &amp; Farbkopie (Normal- &amp; Gro\u00dfformat)<\/li>\r\n<li>Hardcover-, Spiral-, Draht- &amp; Leimbindung<\/li>\r\n<li>S\/W- &amp; Farbplot (Gro\u00dfformat-Ausdruck)<\/li>\r\n<li>Scannen &amp; Archivieren von Dokumenten<\/li>\r\n<li>PC-Arbeitspl\u00e4tze mit Internetverbindung<\/li>\r\n<li>Laminieren, Schneiden &amp; Heften<\/li>\r\n<li>Faxversand &amp; -empfang<\/li>\r\n<li>Brennen von Daten-CD &amp; -DVD<\/li>\r\n<li>CD- &amp; DVD-Direkt-Druck<\/li>\r\n<\/ul>\r\n\r\n\r\n\r\n<ul class=\"wp-block-list\">\r\n<li>\u00a0<\/li>\r\n<\/ul>\r\n\r\n\r\n\r\n<h3 class=\"wp-block-heading\">Design | Satz &amp; Layout<\/h3>\r\n\r\n\r\n\r\n<ul class=\"wp-block-list\">\r\n<li>Visitenkarten<\/li>\r\n<li>Flyer<\/li>\r\n<li>Folder<\/li>\r\n<li>Aufkleber<\/li>\r\n<li>Brosch\u00fcren<\/li>\r\n<li>Plakate<\/li>\r\n<li>Briefb\u00f6gen und Umschl\u00e4ge<\/li>\r\n<\/ul>\r\n","protected":false},"excerpt":{"rendered":"<p>Abschlussarbeiten Wir haben uns das Ziel gesetzt, Ihre Abschlussarbeiten schnellstm\u00f6glich und in bester Qualit\u00e4t zu Produzieren. Unser Team hat f\u00fcr Sie eine gro\u00dfe Auswahl an Bindungen zusammengestellt. Lassen Sie sich von unseren exklusiven Bindungen begeistern! Uniprint verleiht Ihren Arbeiten die wertsteigernde Optik. Titelseitenpr\u00e4gung Gold- und Silberpr\u00e4gungexklusiv, edel, individuell Ab sofort k\u00f6nnen Sie die Titelseiten und<\/p><\/div>\n<div class=\"blog-btn\"><a href=\"https:\/\/copyshop-wuppertal.de\/index.php\/leistungen\/\" class=\"home-blog-btn\">Weiterlesen<\/a><\/p>\n","protected":false},"author":1,"featured_media":0,"parent":0,"menu_order":0,"comment_status":"closed","ping_status":"closed","template":"","meta":{"_monsterinsights_skip_tracking":false,"_monsterinsights_sitenote_active":false,"_monsterinsights_sitenote_note":"","_monsterinsights_sitenote_category":0,"footnotes":""},"class_list":["post-17","page","type-page","status-publish","hentry"],"yoast_head":"<!-- This site is optimized with the Yoast SEO plugin v27.1.1 - https:\/\/yoast.com\/product\/yoast-seo-wordpress\/ -->\n<title>Leistungen - Uniprint<\/title>\n<meta name=\"robots\" content=\"index, follow, max-snippet:-1, max-image-preview:large, max-video-preview:-1\" \/>\n<link rel=\"canonical\" href=\"https:\/\/copyshop-wuppertal.de\/index.php\/leistungen\/\" \/>\n<meta property=\"og:locale\" content=\"de_DE\" \/>\n<meta property=\"og:type\" content=\"article\" \/>\n<meta property=\"og:title\" content=\"Leistungen - Uniprint\" \/>\n<meta property=\"og:description\" content=\"Abschlussarbeiten Wir haben uns das Ziel gesetzt, Ihre Abschlussarbeiten schnellstm\u00f6glich und in bester Qualit\u00e4t zu Produzieren. Unser Team hat f\u00fcr Sie eine gro\u00dfe Auswahl an Bindungen zusammengestellt. Lassen Sie sich von unseren exklusiven Bindungen begeistern! Uniprint verleiht Ihren Arbeiten die wertsteigernde Optik. Titelseitenpr\u00e4gung Gold- und Silberpr\u00e4gungexklusiv, edel, individuell Ab sofort k\u00f6nnen Sie die Titelseiten undWeiterlesen\" \/>\n<meta property=\"og:url\" content=\"https:\/\/copyshop-wuppertal.de\/index.php\/leistungen\/\" \/>\n<meta property=\"og:site_name\" content=\"Uniprint\" \/>\n<meta property=\"article:modified_time\" content=\"2025-08-31T14:32:15+00:00\" \/>\n<meta name=\"twitter:card\" content=\"summary_large_image\" \/>\n<meta name=\"twitter:label1\" content=\"Gesch\u00e4tzte Lesezeit\" \/>\n\t<meta name=\"twitter:data1\" content=\"1\u00a0Minute\" \/>\n<script type=\"application\/ld+json\" class=\"yoast-schema-graph\">{\"@context\":\"https:\/\/schema.org\",\"@graph\":[{\"@type\":\"WebPage\",\"@id\":\"https:\/\/copyshop-wuppertal.de\/index.php\/leistungen\/\",\"url\":\"https:\/\/copyshop-wuppertal.de\/index.php\/leistungen\/\",\"name\":\"Leistungen - Uniprint\",\"isPartOf\":{\"@id\":\"https:\/\/copyshop-wuppertal.de\/#website\"},\"datePublished\":\"2020-01-24T12:39:59+00:00\",\"dateModified\":\"2025-08-31T14:32:15+00:00\",\"breadcrumb\":{\"@id\":\"https:\/\/copyshop-wuppertal.de\/index.php\/leistungen\/#breadcrumb\"},\"inLanguage\":\"de\",\"potentialAction\":[{\"@type\":\"ReadAction\",\"target\":[\"https:\/\/copyshop-wuppertal.de\/index.php\/leistungen\/\"]}]},{\"@type\":\"BreadcrumbList\",\"@id\":\"https:\/\/copyshop-wuppertal.de\/index.php\/leistungen\/#breadcrumb\",\"itemListElement\":[{\"@type\":\"ListItem\",\"position\":1,\"name\":\"Startseite\",\"item\":\"https:\/\/copyshop-wuppertal.de\/\"},{\"@type\":\"ListItem\",\"position\":2,\"name\":\"Leistungen\"}]},{\"@type\":\"WebSite\",\"@id\":\"https:\/\/copyshop-wuppertal.de\/#website\",\"url\":\"https:\/\/copyshop-wuppertal.de\/\",\"name\":\"Uniprint | Copyshop | Copyshop Wuppertal | Uniprint Wuppertal\",\"description\":\"\",\"publisher\":{\"@id\":\"https:\/\/copyshop-wuppertal.de\/#organization\"},\"potentialAction\":[{\"@type\":\"SearchAction\",\"target\":{\"@type\":\"EntryPoint\",\"urlTemplate\":\"https:\/\/copyshop-wuppertal.de\/?s={search_term_string}\"},\"query-input\":{\"@type\":\"PropertyValueSpecification\",\"valueRequired\":true,\"valueName\":\"search_term_string\"}}],\"inLanguage\":\"de\"},{\"@type\":\"Organization\",\"@id\":\"https:\/\/copyshop-wuppertal.de\/#organization\",\"name\":\"Uniprint\",\"url\":\"https:\/\/copyshop-wuppertal.de\/\",\"logo\":{\"@type\":\"ImageObject\",\"inLanguage\":\"de\",\"@id\":\"https:\/\/copyshop-wuppertal.de\/#\/schema\/logo\/image\/\",\"url\":\"https:\/\/www.copyshop-wuppertal.de\/wp-content\/uploads\/2020\/02\/Uniprint-Logo.png\",\"contentUrl\":\"https:\/\/www.copyshop-wuppertal.de\/wp-content\/uploads\/2020\/02\/Uniprint-Logo.png\",\"width\":842,\"height\":378,\"caption\":\"Uniprint\"},\"image\":{\"@id\":\"https:\/\/copyshop-wuppertal.de\/#\/schema\/logo\/image\/\"}}]}<\/script>\n<!-- \/ Yoast SEO plugin. -->","yoast_head_json":{"title":"Leistungen - Uniprint","robots":{"index":"index","follow":"follow","max-snippet":"max-snippet:-1","max-image-preview":"max-image-preview:large","max-video-preview":"max-video-preview:-1"},"canonical":"https:\/\/copyshop-wuppertal.de\/index.php\/leistungen\/","og_locale":"de_DE","og_type":"article","og_title":"Leistungen - Uniprint","og_description":"Abschlussarbeiten Wir haben uns das Ziel gesetzt, Ihre Abschlussarbeiten schnellstm\u00f6glich und in bester Qualit\u00e4t zu Produzieren. Unser Team hat f\u00fcr Sie eine gro\u00dfe Auswahl an Bindungen zusammengestellt. Lassen Sie sich von unseren exklusiven Bindungen begeistern! Uniprint verleiht Ihren Arbeiten die wertsteigernde Optik. Titelseitenpr\u00e4gung Gold- und Silberpr\u00e4gungexklusiv, edel, individuell Ab sofort k\u00f6nnen Sie die Titelseiten undWeiterlesen","og_url":"https:\/\/copyshop-wuppertal.de\/index.php\/leistungen\/","og_site_name":"Uniprint","article_modified_time":"2025-08-31T14:32:15+00:00","twitter_card":"summary_large_image","twitter_misc":{"Gesch\u00e4tzte Lesezeit":"1\u00a0Minute"},"schema":{"@context":"https:\/\/schema.org","@graph":[{"@type":"WebPage","@id":"https:\/\/copyshop-wuppertal.de\/index.php\/leistungen\/","url":"https:\/\/copyshop-wuppertal.de\/index.php\/leistungen\/","name":"Leistungen - Uniprint","isPartOf":{"@id":"https:\/\/copyshop-wuppertal.de\/#website"},"datePublished":"2020-01-24T12:39:59+00:00","dateModified":"2025-08-31T14:32:15+00:00","breadcrumb":{"@id":"https:\/\/copyshop-wuppertal.de\/index.php\/leistungen\/#breadcrumb"},"inLanguage":"de","potentialAction":[{"@type":"ReadAction","target":["https:\/\/copyshop-wuppertal.de\/index.php\/leistungen\/"]}]},{"@type":"BreadcrumbList","@id":"https:\/\/copyshop-wuppertal.de\/index.php\/leistungen\/#breadcrumb","itemListElement":[{"@type":"ListItem","position":1,"name":"Startseite","item":"https:\/\/copyshop-wuppertal.de\/"},{"@type":"ListItem","position":2,"name":"Leistungen"}]},{"@type":"WebSite","@id":"https:\/\/copyshop-wuppertal.de\/#website","url":"https:\/\/copyshop-wuppertal.de\/","name":"Uniprint | Copyshop | Copyshop Wuppertal | Uniprint Wuppertal","description":"","publisher":{"@id":"https:\/\/copyshop-wuppertal.de\/#organization"},"potentialAction":[{"@type":"SearchAction","target":{"@type":"EntryPoint","urlTemplate":"https:\/\/copyshop-wuppertal.de\/?s={search_term_string}"},"query-input":{"@type":"PropertyValueSpecification","valueRequired":true,"valueName":"search_term_string"}}],"inLanguage":"de"},{"@type":"Organization","@id":"https:\/\/copyshop-wuppertal.de\/#organization","name":"Uniprint","url":"https:\/\/copyshop-wuppertal.de\/","logo":{"@type":"ImageObject","inLanguage":"de","@id":"https:\/\/copyshop-wuppertal.de\/#\/schema\/logo\/image\/","url":"https:\/\/www.copyshop-wuppertal.de\/wp-content\/uploads\/2020\/02\/Uniprint-Logo.png","contentUrl":"https:\/\/www.copyshop-wuppertal.de\/wp-content\/uploads\/2020\/02\/Uniprint-Logo.png","width":842,"height":378,"caption":"Uniprint"},"image":{"@id":"https:\/\/copyshop-wuppertal.de\/#\/schema\/logo\/image\/"}}]}},"_links":{"self":[{"href":"https:\/\/copyshop-wuppertal.de\/index.php\/wp-json\/wp\/v2\/pages\/17","targetHints":{"allow":["GET"]}}],"collection":[{"href":"https:\/\/copyshop-wuppertal.de\/index.php\/wp-json\/wp\/v2\/pages"}],"about":[{"href":"https:\/\/copyshop-wuppertal.de\/index.php\/wp-json\/wp\/v2\/types\/page"}],"author":[{"embeddable":true,"href":"https:\/\/copyshop-wuppertal.de\/index.php\/wp-json\/wp\/v2\/users\/1"}],"replies":[{"embeddable":true,"href":"https:\/\/copyshop-wuppertal.de\/index.php\/wp-json\/wp\/v2\/comments?post=17"}],"version-history":[{"count":11,"href":"https:\/\/copyshop-wuppertal.de\/index.php\/wp-json\/wp\/v2\/pages\/17\/revisions"}],"predecessor-version":[{"id":855,"href":"https:\/\/copyshop-wuppertal.de\/index.php\/wp-json\/wp\/v2\/pages\/17\/revisions\/855"}],"wp:attachment":[{"href":"https:\/\/copyshop-wuppertal.de\/index.php\/wp-json\/wp\/v2\/media?parent=17"}],"curies":[{"name":"wp","href":"https:\/\/api.w.org\/{rel}","templated":true}]}}