{"id":41,"date":"2020-01-24T13:06:51","date_gmt":"2020-01-24T13:06:51","guid":{"rendered":"http:\/\/www.copyshop-wuppertal.de\/?page_id=41"},"modified":"2024-10-03T10:59:06","modified_gmt":"2024-10-03T10:59:06","slug":"plot-grossformat","status":"publish","type":"page","link":"https:\/\/copyshop-wuppertal.de\/index.php\/plot-grossformat\/","title":{"rendered":"Plot (Gro\u00dfformat)"},"content":{"rendered":"\r\n<h1 class=\"wp-block-heading\">Plot (Gro\u00dfformat-Ausdruck)<\/h1>\r\n\r\n\r\n\r\n<h4 class=\"wp-block-heading\">Die Preise f\u00fcr Gro\u00dfformat-Ausdrucke gelten f\u00fcr den Plot aus vorhandenen Dateien.<\/h4>\r\n\r\n\r\n\r\n<h4 class=\"wp-block-heading\">Aufpreis f\u00fcr Kopien aus mitgebrachten Vorlagen:<\/h4>\r\n\r\n\r\n\r\n<p>bis DIN A2 :\u00a0 3,00 \u20ac\/Kopie<br \/>bis DIN A1 :\u00a0 5,00 \u20ac\/Kopie<br \/>bis DIN A0 :\u00a0 8,00 \u20ac\/Kopie<\/p>\r\n\r\n\r\n\r\n<h3 class=\"wp-block-heading\">CAD-Strichzeichnung<\/h3>\r\n\r\n\r\n\r\n<h4 class=\"wp-block-heading\">bis 90 g\/m\u00b2, uncoated<\/h4>\r\n<table style=\"border-collapse: collapse; width: 64.7273%;\">\r\n<tbody>\r\n<tr>\r\n<td style=\"width: 12.7112%; text-align: center;\">\u00a0<\/td>\r\n<td style=\"width: 13.6787%; text-align: center;\">A2<\/td>\r\n<td style=\"width: 16.0652%; text-align: center;\">A1<\/td>\r\n<td style=\"width: 17.0305%; text-align: center;\">A0<\/td>\r\n<\/tr>\r\n<tr>\r\n<td style=\"width: 12.7112%; text-align: center;\">Studentenpreis<\/td>\r\n<td style=\"width: 13.6787%; text-align: center;\">3,00 \u20ac<\/td>\r\n<td style=\"width: 16.0652%; text-align: center;\">5,00 \u20ac<\/td>\r\n<td style=\"width: 17.0305%; text-align: center;\">7,00 \u20ac<\/td>\r\n<\/tr>\r\n<tr>\r\n<td style=\"width: 12.7112%; text-align: center;\">Normalpreis<\/td>\r\n<td style=\"width: 13.6787%; text-align: center;\">5,00 \u20ac<\/td>\r\n<td style=\"width: 16.0652%; text-align: center;\">7,00 \u20ac<\/td>\r\n<td style=\"width: 17.0305%; text-align: center;\">9,00 \u20ac<\/td>\r\n<\/tr>\r\n<\/tbody>\r\n<\/table>\r\n\r\n\r\n\r\n<figure class=\"wp-block-table\"><\/figure>\r\n\r\n\r\n\r\n\r\n<h3 class=\"wp-block-heading\">Bild, Matt<\/h3>\r\n\r\n\r\n\r\n<h4 class=\"wp-block-heading\">100 g\/m\u00b2, coated<\/h4>\r\n<table style=\"border-collapse: collapse; width: 67.2726%;\">\r\n<tbody>\r\n<tr>\r\n<td style=\"width: 12.5156%; text-align: center;\">\u00a0<\/td>\r\n<td style=\"width: 17.3148%; text-align: center;\">A2<\/td>\r\n<td style=\"width: 14.8957%; text-align: center;\">A1<\/td>\r\n<td style=\"width: 18.2276%; text-align: center;\">A0<\/td>\r\n<\/tr>\r\n<tr>\r\n<td style=\"width: 12.5156%; text-align: center;\">Studentenpreis<\/td>\r\n<td style=\"width: 17.3148%; text-align: center;\">7,00 \u20ac<\/td>\r\n<td style=\"width: 14.8957%; text-align: center;\">10,00 \u20ac<\/td>\r\n<td style=\"width: 18.2276%; text-align: center;\">14,00 \u20ac<\/td>\r\n<\/tr>\r\n<tr>\r\n<td style=\"width: 12.5156%; text-align: center;\">Normalpreis<\/td>\r\n<td style=\"width: 17.3148%; text-align: center;\">9,00 \u20ac<\/td>\r\n<td style=\"width: 14.8957%; text-align: center;\">12,00 \u20ac<\/td>\r\n<td style=\"width: 18.2276%; text-align: center;\">16,00 \u20ac<\/td>\r\n<\/tr>\r\n<\/tbody>\r\n<\/table>\r\n\r\n\r\n\r\n<figure class=\"wp-block-table\"><\/figure>\r\n\r\n\r\n\r\n<h4 class=\"wp-block-heading\">140 g\/m\u00b2, coated<\/h4>\r\n<table style=\"border-collapse: collapse; width: 67.8788%;\">\r\n<tbody>\r\n<tr>\r\n<td style=\"width: 14.0116%; text-align: center;\">\u00a0<\/td>\r\n<td style=\"width: 18.7802%; text-align: center;\">A2<\/td>\r\n<td style=\"width: 15.5874%; text-align: center;\">A1<\/td>\r\n<td style=\"width: 19.2649%; text-align: center;\">A0<\/td>\r\n<\/tr>\r\n<tr>\r\n<td style=\"width: 14.0116%; text-align: center;\">Studentenpreis<\/td>\r\n<td style=\"width: 18.7802%; text-align: center;\">9,00 \u20ac<\/td>\r\n<td style=\"width: 15.5874%; text-align: center;\">12,00 \u20ac<\/td>\r\n<td style=\"width: 19.2649%; text-align: center;\">16,00 \u20ac<\/td>\r\n<\/tr>\r\n<tr>\r\n<td style=\"width: 14.0116%; text-align: center;\">Normalpreis<\/td>\r\n<td style=\"width: 18.7802%; text-align: center;\">11,00 \u20ac<\/td>\r\n<td style=\"width: 15.5874%; text-align: center;\">14,00 \u20ac<\/td>\r\n<td style=\"width: 19.2649%; text-align: center;\">18,00 \u20ac<\/td>\r\n<\/tr>\r\n<\/tbody>\r\n<\/table>\r\n\r\n\r\n\r\n<figure class=\"wp-block-table\"><\/figure>\r\n\r\n\r\n\r\n<h4 class=\"wp-block-heading\">180 g\/m\u00b2, coated<\/h4>\r\n<table style=\"border-collapse: collapse; width: 68.3637%;\">\r\n<tbody>\r\n<tr>\r\n<td style=\"width: 14.5305%; text-align: center;\">\u00a0<\/td>\r\n<td style=\"width: 18.2601%; text-align: center;\">A2<\/td>\r\n<td style=\"width: 14.8381%; text-align: center;\">A1<\/td>\r\n<td style=\"width: 18.6482%; text-align: center;\">A0<\/td>\r\n<\/tr>\r\n<tr>\r\n<td style=\"width: 14.5305%; text-align: center;\">Studentenpreis<\/td>\r\n<td style=\"width: 18.2601%; text-align: center;\">11,00 \u20ac<\/td>\r\n<td style=\"width: 14.8381%; text-align: center;\">14,00 \u20ac<\/td>\r\n<td style=\"width: 18.6482%; text-align: center;\">18,00 \u20ac<\/td>\r\n<\/tr>\r\n<tr>\r\n<td style=\"width: 14.5305%; text-align: center;\">Normalpreis<\/td>\r\n<td style=\"width: 18.2601%; text-align: center;\">13,00 \u20ac<\/td>\r\n<td style=\"width: 14.8381%; text-align: center;\">16,00 \u20ac<\/td>\r\n<td style=\"width: 18.6482%; text-align: center;\">20,00 \u20ac<\/td>\r\n<\/tr>\r\n<\/tbody>\r\n<\/table>\r\n\r\n\r\n\r\n\r\n\r\n\r\n\r\n<h3 class=\"wp-block-heading\">Bild, Glanz<\/h3>\r\n\r\n\r\n\r\n<h4 class=\"wp-block-heading\">190 g\/m\u00b2, glossy oder silky<\/h4>\r\n<table style=\"border-collapse: collapse; width: 69.4547%;\">\r\n<tbody>\r\n<tr>\r\n<td style=\"width: 15.2727%; text-align: center;\">\u00a0<\/td>\r\n<td style=\"width: 19.0508%; text-align: center;\">A2<\/td>\r\n<td style=\"width: 15.7805%; text-align: center;\">A1<\/td>\r\n<td style=\"width: 18.7158%; text-align: center;\">A0<\/td>\r\n<\/tr>\r\n<tr>\r\n<td style=\"width: 15.2727%; text-align: center;\">Studentenpreis<\/td>\r\n<td style=\"width: 19.0508%; text-align: center;\">15,00 \u20ac<\/td>\r\n<td style=\"width: 15.7805%; text-align: center;\">18,00 \u20ac<\/td>\r\n<td style=\"width: 18.7158%; text-align: center;\">24,00 \u20ac<\/td>\r\n<\/tr>\r\n<tr>\r\n<td style=\"width: 15.2727%; text-align: center;\">Normalpreis<\/td>\r\n<td style=\"width: 19.0508%; text-align: center;\">17,00 \u20ac<\/td>\r\n<td style=\"width: 15.7805%; text-align: center;\">21,00 \u20ac<\/td>\r\n<td style=\"width: 18.7158%; text-align: center;\">26,00 \u20ac<\/td>\r\n<\/tr>\r\n<\/tbody>\r\n<\/table>\r\n\r\n\r\n\r\n<figure class=\"wp-block-table\"><\/figure>\r\n","protected":false},"excerpt":{"rendered":"<p>Plot (Gro\u00dfformat-Ausdruck) Die Preise f\u00fcr Gro\u00dfformat-Ausdrucke gelten f\u00fcr den Plot aus vorhandenen Dateien. Aufpreis f\u00fcr Kopien aus mitgebrachten Vorlagen: bis DIN A2 :\u00a0 3,00 \u20ac\/Kopiebis DIN A1 :\u00a0 5,00 \u20ac\/Kopiebis DIN A0 :\u00a0 8,00 \u20ac\/Kopie CAD-Strichzeichnung bis 90 g\/m\u00b2, uncoated \u00a0 A2 A1 A0 Studentenpreis 3,00 \u20ac 5,00 \u20ac 7,00 \u20ac Normalpreis 5,00 \u20ac 7,00<\/p><\/div>\n<div class=\"blog-btn\"><a href=\"https:\/\/copyshop-wuppertal.de\/index.php\/plot-grossformat\/\" class=\"home-blog-btn\">Weiterlesen<\/a><\/p>\n","protected":false},"author":1,"featured_media":0,"parent":0,"menu_order":0,"comment_status":"closed","ping_status":"closed","template":"","meta":{"_monsterinsights_skip_tracking":false,"_monsterinsights_sitenote_active":false,"_monsterinsights_sitenote_note":"","_monsterinsights_sitenote_category":0,"footnotes":""},"class_list":["post-41","page","type-page","status-publish","hentry"],"yoast_head":"<!-- This site is optimized with the Yoast SEO plugin v27.1.1 - https:\/\/yoast.com\/product\/yoast-seo-wordpress\/ -->\n<title>Plot (Gro\u00dfformat) - Uniprint<\/title>\n<meta name=\"robots\" content=\"index, follow, max-snippet:-1, max-image-preview:large, max-video-preview:-1\" \/>\n<link rel=\"canonical\" href=\"https:\/\/copyshop-wuppertal.de\/index.php\/plot-grossformat\/\" \/>\n<meta property=\"og:locale\" content=\"de_DE\" \/>\n<meta property=\"og:type\" content=\"article\" \/>\n<meta property=\"og:title\" content=\"Plot (Gro\u00dfformat) - Uniprint\" \/>\n<meta property=\"og:description\" content=\"Plot (Gro\u00dfformat-Ausdruck) Die Preise f\u00fcr Gro\u00dfformat-Ausdrucke gelten f\u00fcr den Plot aus vorhandenen Dateien. Aufpreis f\u00fcr Kopien aus mitgebrachten Vorlagen: bis DIN A2 :\u00a0 3,00 \u20ac\/Kopiebis DIN A1 :\u00a0 5,00 \u20ac\/Kopiebis DIN A0 :\u00a0 8,00 \u20ac\/Kopie CAD-Strichzeichnung bis 90 g\/m\u00b2, uncoated \u00a0 A2 A1 A0 Studentenpreis 3,00 \u20ac 5,00 \u20ac 7,00 \u20ac Normalpreis 5,00 \u20ac 7,00Weiterlesen\" \/>\n<meta property=\"og:url\" content=\"https:\/\/copyshop-wuppertal.de\/index.php\/plot-grossformat\/\" \/>\n<meta property=\"og:site_name\" content=\"Uniprint\" \/>\n<meta property=\"article:modified_time\" content=\"2024-10-03T10:59:06+00:00\" \/>\n<meta name=\"twitter:card\" content=\"summary_large_image\" \/>\n<meta name=\"twitter:label1\" content=\"Gesch\u00e4tzte Lesezeit\" \/>\n\t<meta name=\"twitter:data1\" content=\"1\u00a0Minute\" \/>\n<script type=\"application\/ld+json\" class=\"yoast-schema-graph\">{\"@context\":\"https:\/\/schema.org\",\"@graph\":[{\"@type\":\"WebPage\",\"@id\":\"https:\/\/copyshop-wuppertal.de\/index.php\/plot-grossformat\/\",\"url\":\"https:\/\/copyshop-wuppertal.de\/index.php\/plot-grossformat\/\",\"name\":\"Plot (Gro\u00dfformat) - Uniprint\",\"isPartOf\":{\"@id\":\"https:\/\/copyshop-wuppertal.de\/#website\"},\"datePublished\":\"2020-01-24T13:06:51+00:00\",\"dateModified\":\"2024-10-03T10:59:06+00:00\",\"breadcrumb\":{\"@id\":\"https:\/\/copyshop-wuppertal.de\/index.php\/plot-grossformat\/#breadcrumb\"},\"inLanguage\":\"de\",\"potentialAction\":[{\"@type\":\"ReadAction\",\"target\":[\"https:\/\/copyshop-wuppertal.de\/index.php\/plot-grossformat\/\"]}]},{\"@type\":\"BreadcrumbList\",\"@id\":\"https:\/\/copyshop-wuppertal.de\/index.php\/plot-grossformat\/#breadcrumb\",\"itemListElement\":[{\"@type\":\"ListItem\",\"position\":1,\"name\":\"Startseite\",\"item\":\"https:\/\/copyshop-wuppertal.de\/\"},{\"@type\":\"ListItem\",\"position\":2,\"name\":\"Plot (Gro\u00dfformat)\"}]},{\"@type\":\"WebSite\",\"@id\":\"https:\/\/copyshop-wuppertal.de\/#website\",\"url\":\"https:\/\/copyshop-wuppertal.de\/\",\"name\":\"Uniprint | Copyshop | Copyshop Wuppertal | Uniprint Wuppertal\",\"description\":\"\",\"publisher\":{\"@id\":\"https:\/\/copyshop-wuppertal.de\/#organization\"},\"potentialAction\":[{\"@type\":\"SearchAction\",\"target\":{\"@type\":\"EntryPoint\",\"urlTemplate\":\"https:\/\/copyshop-wuppertal.de\/?s={search_term_string}\"},\"query-input\":{\"@type\":\"PropertyValueSpecification\",\"valueRequired\":true,\"valueName\":\"search_term_string\"}}],\"inLanguage\":\"de\"},{\"@type\":\"Organization\",\"@id\":\"https:\/\/copyshop-wuppertal.de\/#organization\",\"name\":\"Uniprint\",\"url\":\"https:\/\/copyshop-wuppertal.de\/\",\"logo\":{\"@type\":\"ImageObject\",\"inLanguage\":\"de\",\"@id\":\"https:\/\/copyshop-wuppertal.de\/#\/schema\/logo\/image\/\",\"url\":\"https:\/\/www.copyshop-wuppertal.de\/wp-content\/uploads\/2020\/02\/Uniprint-Logo.png\",\"contentUrl\":\"https:\/\/www.copyshop-wuppertal.de\/wp-content\/uploads\/2020\/02\/Uniprint-Logo.png\",\"width\":842,\"height\":378,\"caption\":\"Uniprint\"},\"image\":{\"@id\":\"https:\/\/copyshop-wuppertal.de\/#\/schema\/logo\/image\/\"}}]}<\/script>\n<!-- \/ Yoast SEO plugin. -->","yoast_head_json":{"title":"Plot (Gro\u00dfformat) - Uniprint","robots":{"index":"index","follow":"follow","max-snippet":"max-snippet:-1","max-image-preview":"max-image-preview:large","max-video-preview":"max-video-preview:-1"},"canonical":"https:\/\/copyshop-wuppertal.de\/index.php\/plot-grossformat\/","og_locale":"de_DE","og_type":"article","og_title":"Plot (Gro\u00dfformat) - Uniprint","og_description":"Plot (Gro\u00dfformat-Ausdruck) Die Preise f\u00fcr Gro\u00dfformat-Ausdrucke gelten f\u00fcr den Plot aus vorhandenen Dateien. Aufpreis f\u00fcr Kopien aus mitgebrachten Vorlagen: bis DIN A2 :\u00a0 3,00 \u20ac\/Kopiebis DIN A1 :\u00a0 5,00 \u20ac\/Kopiebis DIN A0 :\u00a0 8,00 \u20ac\/Kopie CAD-Strichzeichnung bis 90 g\/m\u00b2, uncoated \u00a0 A2 A1 A0 Studentenpreis 3,00 \u20ac 5,00 \u20ac 7,00 \u20ac Normalpreis 5,00 \u20ac 7,00Weiterlesen","og_url":"https:\/\/copyshop-wuppertal.de\/index.php\/plot-grossformat\/","og_site_name":"Uniprint","article_modified_time":"2024-10-03T10:59:06+00:00","twitter_card":"summary_large_image","twitter_misc":{"Gesch\u00e4tzte Lesezeit":"1\u00a0Minute"},"schema":{"@context":"https:\/\/schema.org","@graph":[{"@type":"WebPage","@id":"https:\/\/copyshop-wuppertal.de\/index.php\/plot-grossformat\/","url":"https:\/\/copyshop-wuppertal.de\/index.php\/plot-grossformat\/","name":"Plot (Gro\u00dfformat) - Uniprint","isPartOf":{"@id":"https:\/\/copyshop-wuppertal.de\/#website"},"datePublished":"2020-01-24T13:06:51+00:00","dateModified":"2024-10-03T10:59:06+00:00","breadcrumb":{"@id":"https:\/\/copyshop-wuppertal.de\/index.php\/plot-grossformat\/#breadcrumb"},"inLanguage":"de","potentialAction":[{"@type":"ReadAction","target":["https:\/\/copyshop-wuppertal.de\/index.php\/plot-grossformat\/"]}]},{"@type":"BreadcrumbList","@id":"https:\/\/copyshop-wuppertal.de\/index.php\/plot-grossformat\/#breadcrumb","itemListElement":[{"@type":"ListItem","position":1,"name":"Startseite","item":"https:\/\/copyshop-wuppertal.de\/"},{"@type":"ListItem","position":2,"name":"Plot (Gro\u00dfformat)"}]},{"@type":"WebSite","@id":"https:\/\/copyshop-wuppertal.de\/#website","url":"https:\/\/copyshop-wuppertal.de\/","name":"Uniprint | Copyshop | Copyshop Wuppertal | Uniprint Wuppertal","description":"","publisher":{"@id":"https:\/\/copyshop-wuppertal.de\/#organization"},"potentialAction":[{"@type":"SearchAction","target":{"@type":"EntryPoint","urlTemplate":"https:\/\/copyshop-wuppertal.de\/?s={search_term_string}"},"query-input":{"@type":"PropertyValueSpecification","valueRequired":true,"valueName":"search_term_string"}}],"inLanguage":"de"},{"@type":"Organization","@id":"https:\/\/copyshop-wuppertal.de\/#organization","name":"Uniprint","url":"https:\/\/copyshop-wuppertal.de\/","logo":{"@type":"ImageObject","inLanguage":"de","@id":"https:\/\/copyshop-wuppertal.de\/#\/schema\/logo\/image\/","url":"https:\/\/www.copyshop-wuppertal.de\/wp-content\/uploads\/2020\/02\/Uniprint-Logo.png","contentUrl":"https:\/\/www.copyshop-wuppertal.de\/wp-content\/uploads\/2020\/02\/Uniprint-Logo.png","width":842,"height":378,"caption":"Uniprint"},"image":{"@id":"https:\/\/copyshop-wuppertal.de\/#\/schema\/logo\/image\/"}}]}},"_links":{"self":[{"href":"https:\/\/copyshop-wuppertal.de\/index.php\/wp-json\/wp\/v2\/pages\/41","targetHints":{"allow":["GET"]}}],"collection":[{"href":"https:\/\/copyshop-wuppertal.de\/index.php\/wp-json\/wp\/v2\/pages"}],"about":[{"href":"https:\/\/copyshop-wuppertal.de\/index.php\/wp-json\/wp\/v2\/types\/page"}],"author":[{"embeddable":true,"href":"https:\/\/copyshop-wuppertal.de\/index.php\/wp-json\/wp\/v2\/users\/1"}],"replies":[{"embeddable":true,"href":"https:\/\/copyshop-wuppertal.de\/index.php\/wp-json\/wp\/v2\/comments?post=41"}],"version-history":[{"count":10,"href":"https:\/\/copyshop-wuppertal.de\/index.php\/wp-json\/wp\/v2\/pages\/41\/revisions"}],"predecessor-version":[{"id":797,"href":"https:\/\/copyshop-wuppertal.de\/index.php\/wp-json\/wp\/v2\/pages\/41\/revisions\/797"}],"wp:attachment":[{"href":"https:\/\/copyshop-wuppertal.de\/index.php\/wp-json\/wp\/v2\/media?parent=41"}],"curies":[{"name":"wp","href":"https:\/\/api.w.org\/{rel}","templated":true}]}}